{"id":597,"date":"2024-09-04T15:33:43","date_gmt":"2024-09-04T15:33:43","guid":{"rendered":"http:\/\/acusocialehochelaga.ca\/?page_id=597"},"modified":"2025-04-03T00:10:17","modified_gmt":"2025-04-03T00:10:17","slug":"nous-contacter","status":"publish","type":"page","link":"https:\/\/acusocialehochelaga.ca\/fr\/nous-contacter\/","title":{"rendered":"Nous contacter"},"content":{"rendered":"<p>[et_pb_section fb_built=\u00a0\u00bb1&Prime; _builder_version=\u00a0\u00bb4.26.0&Prime; _module_preset=\u00a0\u00bbdefault\u00a0\u00bb global_colors_info=\u00a0\u00bb{}\u00a0\u00bb][et_pb_row _builder_version=\u00a0\u00bb4.26.0&Prime; _module_preset=\u00a0\u00bbdefault\u00a0\u00bb hover_enabled=\u00a0\u00bb0&Prime; global_colors_info=\u00a0\u00bb{}\u00a0\u00bb sticky_enabled=\u00a0\u00bb0&Prime;][et_pb_column type=\u00a0\u00bb4_4&Prime; _builder_version=\u00a0\u00bb4.26.0&Prime; _module_preset=\u00a0\u00bbdefault\u00a0\u00bb hover_enabled=\u00a0\u00bb0&Prime; global_colors_info=\u00a0\u00bb{}\u00a0\u00bb sticky_enabled=\u00a0\u00bb0&Prime;][et_pb_heading title=\u00a0\u00bbNous contacter\u00a0\u00bb _builder_version=\u00a0\u00bb4.26.0&Prime; _module_preset=\u00a0\u00bbdefault\u00a0\u00bb title_level=\u00a0\u00bbh1&Prime; title_text_align=\u00a0\u00bbcenter\u00a0\u00bb title_text_color=\u00a0\u00bb#3E4966&Prime; global_colors_info=\u00a0\u00bb{}\u00a0\u00bb][\/et_pb_heading][\/et_pb_column][\/et_pb_row][et_pb_row _builder_version=\u00a0\u00bb4.26.0&Prime; _module_preset=\u00a0\u00bbdefault\u00a0\u00bb global_colors_info=\u00a0\u00bb{}\u00a0\u00bb][et_pb_column type=\u00a0\u00bb4_4&Prime; _builder_version=\u00a0\u00bb4.26.0&Prime; _module_preset=\u00a0\u00bbdefault\u00a0\u00bb global_colors_info=\u00a0\u00bb{}\u00a0\u00bb][et_pb_text _builder_version=\u00a0\u00bb4.26.0&Prime; _module_preset=\u00a0\u00bbdefault\u00a0\u00bb hover_enabled=\u00a0\u00bb0&Prime; global_colors_info=\u00a0\u00bb{}\u00a0\u00bb sticky_enabled=\u00a0\u00bb0&Prime;]<\/p>\n<h4>Clinique d\u2019Acupuncture Sociale d\u2019Hochelaga<\/h4>\n<p>Adresse :<br \/>3355, rue Sainte-Catherine Est<br \/>Montr\u00e9al (Qu\u00e9bec) H1W 2C7<\/p>\n<p>T\u00e9l\u00e9phone :<br \/>(579) 421-5934<\/p>\n<p>[\/et_pb_text][et_pb_text _builder_version=\u00a0\u00bb4.26.0&Prime; _module_preset=\u00a0\u00bbdefault\u00a0\u00bb global_colors_info=\u00a0\u00bb{}\u00a0\u00bb]<\/p>\n<h4>Des Questions ? Des Commentaires ?<\/h4>\n<p>Nous serions ravis de vous entendre ! Que vous ayez des questions, des commentaires ou que vous souhaitiez nous rejoindre, n\u2019h\u00e9sitez pas \u00e0 nous contacter en utilisant le formulaire ci-dessous. Nous nous engageons \u00e0 vous r\u00e9pondre dans les plus brefs d\u00e9lais.<\/p>\n<p>[\/et_pb_text][et_pb_contact_form captcha=\u00a0\u00bboff\u00a0\u00bb success_message=\u00a0\u00bbMerci!\u00a0\u00bb _builder_version=\u00a0\u00bb4.26.0&Prime; _module_preset=\u00a0\u00bbdefault\u00a0\u00bb _unique_id=\u00a0\u00bb9b3fb9b4-7f93-459f-aaf6-4bbca1e01de8&Prime; hover_enabled=\u00a0\u00bb0&Prime; global_colors_info=\u00a0\u00bb{}\u00a0\u00bb button_font=\u00a0\u00bb&#8211;et_global_body_font|&#8211;et_global_body_font_weight|||||||\u00a0\u00bb sticky_enabled=\u00a0\u00bb0&Prime;][et_pb_contact_field field_id=\u00a0\u00bbNom\u00a0\u00bb field_title=\u00a0\u00bbNom\u00a0\u00bb _builder_version=\u00a0\u00bb4.26.0&Prime; global_colors_info=\u00a0\u00bb{}\u00a0\u00bb button_text_size__hover_enabled=\u00a0\u00bboff\u00a0\u00bb button_one_text_size__hover_enabled=\u00a0\u00bboff\u00a0\u00bb button_two_text_size__hover_enabled=\u00a0\u00bboff\u00a0\u00bb button_text_color__hover_enabled=\u00a0\u00bboff\u00a0\u00bb button_one_text_color__hover_enabled=\u00a0\u00bboff\u00a0\u00bb button_two_text_color__hover_enabled=\u00a0\u00bboff\u00a0\u00bb button_border_width__hover_enabled=\u00a0\u00bboff\u00a0\u00bb button_one_border_width__hover_enabled=\u00a0\u00bboff\u00a0\u00bb button_two_border_width__hover_enabled=\u00a0\u00bboff\u00a0\u00bb button_border_color__hover_enabled=\u00a0\u00bboff\u00a0\u00bb button_one_border_color__hover_enabled=\u00a0\u00bboff\u00a0\u00bb button_two_border_color__hover_enabled=\u00a0\u00bboff\u00a0\u00bb button_border_radius__hover_enabled=\u00a0\u00bboff\u00a0\u00bb button_one_border_radius__hover_enabled=\u00a0\u00bboff\u00a0\u00bb button_two_border_radius__hover_enabled=\u00a0\u00bboff\u00a0\u00bb button_letter_spacing__hover_enabled=\u00a0\u00bboff\u00a0\u00bb button_one_letter_spacing__hover_enabled=\u00a0\u00bboff\u00a0\u00bb button_two_letter_spacing__hover_enabled=\u00a0\u00bboff\u00a0\u00bb button_bg_color__hover_enabled=\u00a0\u00bboff\u00a0\u00bb button_one_bg_color__hover_enabled=\u00a0\u00bboff\u00a0\u00bb button_two_bg_color__hover_enabled=\u00a0\u00bboff\u00a0\u00bb][\/et_pb_contact_field][et_pb_contact_field field_id=\u00a0\u00bbEmail\u00a0\u00bb field_title=\u00a0\u00bbEmail\u00a0\u00bb field_type=\u00a0\u00bbemail\u00a0\u00bb _builder_version=\u00a0\u00bb4.26.0&Prime; global_colors_info=\u00a0\u00bb{}\u00a0\u00bb button_text_size__hover_enabled=\u00a0\u00bboff\u00a0\u00bb button_one_text_size__hover_enabled=\u00a0\u00bboff\u00a0\u00bb button_two_text_size__hover_enabled=\u00a0\u00bboff\u00a0\u00bb button_text_color__hover_enabled=\u00a0\u00bboff\u00a0\u00bb button_one_text_color__hover_enabled=\u00a0\u00bboff\u00a0\u00bb button_two_text_color__hover_enabled=\u00a0\u00bboff\u00a0\u00bb button_border_width__hover_enabled=\u00a0\u00bboff\u00a0\u00bb button_one_border_width__hover_enabled=\u00a0\u00bboff\u00a0\u00bb button_two_border_width__hover_enabled=\u00a0\u00bboff\u00a0\u00bb button_border_color__hover_enabled=\u00a0\u00bboff\u00a0\u00bb button_one_border_color__hover_enabled=\u00a0\u00bboff\u00a0\u00bb button_two_border_color__hover_enabled=\u00a0\u00bboff\u00a0\u00bb button_border_radius__hover_enabled=\u00a0\u00bboff\u00a0\u00bb button_one_border_radius__hover_enabled=\u00a0\u00bboff\u00a0\u00bb button_two_border_radius__hover_enabled=\u00a0\u00bboff\u00a0\u00bb button_letter_spacing__hover_enabled=\u00a0\u00bboff\u00a0\u00bb button_one_letter_spacing__hover_enabled=\u00a0\u00bboff\u00a0\u00bb button_two_letter_spacing__hover_enabled=\u00a0\u00bboff\u00a0\u00bb button_bg_color__hover_enabled=\u00a0\u00bboff\u00a0\u00bb button_one_bg_color__hover_enabled=\u00a0\u00bboff\u00a0\u00bb button_two_bg_color__hover_enabled=\u00a0\u00bboff\u00a0\u00bb][\/et_pb_contact_field][et_pb_contact_field field_id=\u00a0\u00bbMessage\u00a0\u00bb field_title=\u00a0\u00bbMessage\u00a0\u00bb field_type=\u00a0\u00bbtext\u00a0\u00bb fullwidth_field=\u00a0\u00bbon\u00a0\u00bb _builder_version=\u00a0\u00bb4.16&Prime; global_colors_info=\u00a0\u00bb{}\u00a0\u00bb button_text_size__hover_enabled=\u00a0\u00bboff\u00a0\u00bb button_one_text_size__hover_enabled=\u00a0\u00bboff\u00a0\u00bb button_two_text_size__hover_enabled=\u00a0\u00bboff\u00a0\u00bb button_text_color__hover_enabled=\u00a0\u00bboff\u00a0\u00bb button_one_text_color__hover_enabled=\u00a0\u00bboff\u00a0\u00bb button_two_text_color__hover_enabled=\u00a0\u00bboff\u00a0\u00bb button_border_width__hover_enabled=\u00a0\u00bboff\u00a0\u00bb button_one_border_width__hover_enabled=\u00a0\u00bboff\u00a0\u00bb button_two_border_width__hover_enabled=\u00a0\u00bboff\u00a0\u00bb button_border_color__hover_enabled=\u00a0\u00bboff\u00a0\u00bb button_one_border_color__hover_enabled=\u00a0\u00bboff\u00a0\u00bb button_two_border_color__hover_enabled=\u00a0\u00bboff\u00a0\u00bb button_border_radius__hover_enabled=\u00a0\u00bboff\u00a0\u00bb button_one_border_radius__hover_enabled=\u00a0\u00bboff\u00a0\u00bb button_two_border_radius__hover_enabled=\u00a0\u00bboff\u00a0\u00bb button_letter_spacing__hover_enabled=\u00a0\u00bboff\u00a0\u00bb button_one_letter_spacing__hover_enabled=\u00a0\u00bboff\u00a0\u00bb button_two_letter_spacing__hover_enabled=\u00a0\u00bboff\u00a0\u00bb button_bg_color__hover_enabled=\u00a0\u00bboff\u00a0\u00bb button_one_bg_color__hover_enabled=\u00a0\u00bboff\u00a0\u00bb button_two_bg_color__hover_enabled=\u00a0\u00bboff\u00a0\u00bb][\/et_pb_contact_field][\/et_pb_contact_form][\/et_pb_column][\/et_pb_row][\/et_pb_section]<\/p>\n","protected":false},"excerpt":{"rendered":"<p>Clinique d\u2019Acupuncture Sociale d\u2019Hochelaga Adresse :3355, rue Sainte-Catherine EstMontr\u00e9al (Qu\u00e9bec) H1W 2C7 T\u00e9l\u00e9phone :(579) 421-5934Des Questions ? Des Commentaires ? Nous serions ravis de vous entendre ! Que vous ayez des questions, des commentaires ou que vous souhaitiez nous rejoindre, n\u2019h\u00e9sitez pas \u00e0 nous contacter en utilisant le formulaire ci-dessous. Nous nous engageons \u00e0 vous [&hellip;]<\/p>\n","protected":false},"author":1,"featured_media":0,"parent":0,"menu_order":0,"comment_status":"closed","ping_status":"closed","template":"","meta":{"_et_pb_use_builder":"on","_et_pb_old_content":"","_et_gb_content_width":"","footnotes":""},"class_list":["post-597","page","type-page","status-publish","hentry"],"yoast_head":"<!-- This site is optimized with the Yoast SEO plugin v27.3 - https:\/\/yoast.com\/product\/yoast-seo-wordpress\/ -->\n<title>Nous contacter - Acupuncture sociale \u00e0 Hochelaga<\/title>\n<meta name=\"description\" content=\"Toutes les informations que vous avez besoin pour contacter la Clinique d&#039;acupuncture sociale d&#039;Hochelaga \u00e0 Montr\u00e9al.\" \/>\n<meta name=\"robots\" content=\"index, follow, max-snippet:-1, max-image-preview:large, max-video-preview:-1\" \/>\n<link rel=\"canonical\" href=\"https:\/\/acusocialehochelaga.ca\/fr\/nous-contacter\/\" \/>\n<meta property=\"og:locale\" content=\"fr_CA\" \/>\n<meta property=\"og:type\" content=\"article\" \/>\n<meta property=\"og:title\" content=\"Nous contacter - Acupuncture sociale \u00e0 Hochelaga\" \/>\n<meta property=\"og:description\" content=\"Toutes les informations que vous avez besoin pour contacter la Clinique d&#039;acupuncture sociale d&#039;Hochelaga \u00e0 Montr\u00e9al.\" \/>\n<meta property=\"og:url\" content=\"https:\/\/acusocialehochelaga.ca\/fr\/nous-contacter\/\" \/>\n<meta property=\"og:site_name\" content=\"Acupuncture sociale \u00e0 Hochelaga\" \/>\n<meta property=\"article:publisher\" content=\"https:\/\/www.facebook.com\/AcuHochelag\" \/>\n<meta property=\"article:modified_time\" content=\"2025-04-03T00:10:17+00:00\" \/>\n<meta property=\"og:image\" content=\"https:\/\/acusocialehochelaga.ca\/wp-content\/uploads\/2024\/09\/Logo-horizontal_ARDOISE_Clinique-Acupuncture-Sociale.png\" \/>\n\t<meta property=\"og:image:width\" content=\"5567\" \/>\n\t<meta property=\"og:image:height\" content=\"2271\" \/>\n\t<meta property=\"og:image:type\" content=\"image\/png\" \/>\n<meta name=\"twitter:card\" content=\"summary_large_image\" \/>\n<meta name=\"twitter:label1\" content=\"Estimation du temps de lecture\" \/>\n\t<meta name=\"twitter:data1\" content=\"1 minute\" \/>\n<script type=\"application\/ld+json\" class=\"yoast-schema-graph\">{\"@context\":\"https:\\\/\\\/schema.org\",\"@graph\":[{\"@type\":\"WebPage\",\"@id\":\"https:\\\/\\\/acusocialehochelaga.ca\\\/fr\\\/nous-contacter\\\/\",\"url\":\"https:\\\/\\\/acusocialehochelaga.ca\\\/fr\\\/nous-contacter\\\/\",\"name\":\"Nous contacter - Acupuncture sociale \u00e0 Hochelaga\",\"isPartOf\":{\"@id\":\"https:\\\/\\\/acusocialehochelaga.ca\\\/en\\\/#website\"},\"datePublished\":\"2024-09-04T15:33:43+00:00\",\"dateModified\":\"2025-04-03T00:10:17+00:00\",\"description\":\"Toutes les informations que vous avez besoin pour contacter la Clinique d'acupuncture sociale d'Hochelaga \u00e0 Montr\u00e9al.\",\"breadcrumb\":{\"@id\":\"https:\\\/\\\/acusocialehochelaga.ca\\\/fr\\\/nous-contacter\\\/#breadcrumb\"},\"inLanguage\":\"fr-CA\",\"potentialAction\":[{\"@type\":\"ReadAction\",\"target\":[\"https:\\\/\\\/acusocialehochelaga.ca\\\/fr\\\/nous-contacter\\\/\"]}]},{\"@type\":\"BreadcrumbList\",\"@id\":\"https:\\\/\\\/acusocialehochelaga.ca\\\/fr\\\/nous-contacter\\\/#breadcrumb\",\"itemListElement\":[{\"@type\":\"ListItem\",\"position\":1,\"name\":\"Home\",\"item\":\"https:\\\/\\\/acusocialehochelaga.ca\\\/fr\\\/\"},{\"@type\":\"ListItem\",\"position\":2,\"name\":\"Nous contacter\"}]},{\"@type\":\"WebSite\",\"@id\":\"https:\\\/\\\/acusocialehochelaga.ca\\\/en\\\/#website\",\"url\":\"https:\\\/\\\/acusocialehochelaga.ca\\\/en\\\/\",\"name\":\"Acupuncture sociale \u00e0 Hochelaga\",\"description\":\"La m\u00e9decine chinoise accessible \u00e0 tous et \u00e0 toutes\",\"publisher\":{\"@id\":\"https:\\\/\\\/acusocialehochelaga.ca\\\/en\\\/#organization\"},\"potentialAction\":[{\"@type\":\"SearchAction\",\"target\":{\"@type\":\"EntryPoint\",\"urlTemplate\":\"https:\\\/\\\/acusocialehochelaga.ca\\\/en\\\/?s={search_term_string}\"},\"query-input\":{\"@type\":\"PropertyValueSpecification\",\"valueRequired\":true,\"valueName\":\"search_term_string\"}}],\"inLanguage\":\"fr-CA\"},{\"@type\":\"Organization\",\"@id\":\"https:\\\/\\\/acusocialehochelaga.ca\\\/en\\\/#organization\",\"name\":\"Acupuncture sociale \u00e0 Hochelaga\",\"url\":\"https:\\\/\\\/acusocialehochelaga.ca\\\/en\\\/\",\"logo\":{\"@type\":\"ImageObject\",\"inLanguage\":\"fr-CA\",\"@id\":\"https:\\\/\\\/acusocialehochelaga.ca\\\/en\\\/#\\\/schema\\\/logo\\\/image\\\/\",\"url\":\"http:\\\/\\\/acusocialehochelaga.ca\\\/wp-content\\\/uploads\\\/2024\\\/09\\\/cropped-Logo-horizontal_ARDOISE_Clinique-Acupuncture-Sociale.png\",\"contentUrl\":\"http:\\\/\\\/acusocialehochelaga.ca\\\/wp-content\\\/uploads\\\/2024\\\/09\\\/cropped-Logo-horizontal_ARDOISE_Clinique-Acupuncture-Sociale.png\",\"width\":512,\"height\":512,\"caption\":\"Acupuncture sociale \u00e0 Hochelaga\"},\"image\":{\"@id\":\"https:\\\/\\\/acusocialehochelaga.ca\\\/en\\\/#\\\/schema\\\/logo\\\/image\\\/\"},\"sameAs\":[\"https:\\\/\\\/www.facebook.com\\\/AcuHochelag\",\"https:\\\/\\\/www.instagram.com\\\/acu.sociale.hochelaga\"]}]}<\/script>\n<!-- \/ Yoast SEO plugin. -->","yoast_head_json":{"title":"Nous contacter - Acupuncture sociale \u00e0 Hochelaga","description":"Toutes les informations que vous avez besoin pour contacter la Clinique d'acupuncture sociale d'Hochelaga \u00e0 Montr\u00e9al.","robots":{"index":"index","follow":"follow","max-snippet":"max-snippet:-1","max-image-preview":"max-image-preview:large","max-video-preview":"max-video-preview:-1"},"canonical":"https:\/\/acusocialehochelaga.ca\/fr\/nous-contacter\/","og_locale":"fr_CA","og_type":"article","og_title":"Nous contacter - Acupuncture sociale \u00e0 Hochelaga","og_description":"Toutes les informations que vous avez besoin pour contacter la Clinique d'acupuncture sociale d'Hochelaga \u00e0 Montr\u00e9al.","og_url":"https:\/\/acusocialehochelaga.ca\/fr\/nous-contacter\/","og_site_name":"Acupuncture sociale \u00e0 Hochelaga","article_publisher":"https:\/\/www.facebook.com\/AcuHochelag","article_modified_time":"2025-04-03T00:10:17+00:00","og_image":[{"width":5567,"height":2271,"url":"https:\/\/acusocialehochelaga.ca\/wp-content\/uploads\/2024\/09\/Logo-horizontal_ARDOISE_Clinique-Acupuncture-Sociale.png","type":"image\/png"}],"twitter_card":"summary_large_image","twitter_misc":{"Estimation du temps de lecture":"1 minute"},"schema":{"@context":"https:\/\/schema.org","@graph":[{"@type":"WebPage","@id":"https:\/\/acusocialehochelaga.ca\/fr\/nous-contacter\/","url":"https:\/\/acusocialehochelaga.ca\/fr\/nous-contacter\/","name":"Nous contacter - Acupuncture sociale \u00e0 Hochelaga","isPartOf":{"@id":"https:\/\/acusocialehochelaga.ca\/en\/#website"},"datePublished":"2024-09-04T15:33:43+00:00","dateModified":"2025-04-03T00:10:17+00:00","description":"Toutes les informations que vous avez besoin pour contacter la Clinique d'acupuncture sociale d'Hochelaga \u00e0 Montr\u00e9al.","breadcrumb":{"@id":"https:\/\/acusocialehochelaga.ca\/fr\/nous-contacter\/#breadcrumb"},"inLanguage":"fr-CA","potentialAction":[{"@type":"ReadAction","target":["https:\/\/acusocialehochelaga.ca\/fr\/nous-contacter\/"]}]},{"@type":"BreadcrumbList","@id":"https:\/\/acusocialehochelaga.ca\/fr\/nous-contacter\/#breadcrumb","itemListElement":[{"@type":"ListItem","position":1,"name":"Home","item":"https:\/\/acusocialehochelaga.ca\/fr\/"},{"@type":"ListItem","position":2,"name":"Nous contacter"}]},{"@type":"WebSite","@id":"https:\/\/acusocialehochelaga.ca\/en\/#website","url":"https:\/\/acusocialehochelaga.ca\/en\/","name":"Acupuncture sociale \u00e0 Hochelaga","description":"La m\u00e9decine chinoise accessible \u00e0 tous et \u00e0 toutes","publisher":{"@id":"https:\/\/acusocialehochelaga.ca\/en\/#organization"},"potentialAction":[{"@type":"SearchAction","target":{"@type":"EntryPoint","urlTemplate":"https:\/\/acusocialehochelaga.ca\/en\/?s={search_term_string}"},"query-input":{"@type":"PropertyValueSpecification","valueRequired":true,"valueName":"search_term_string"}}],"inLanguage":"fr-CA"},{"@type":"Organization","@id":"https:\/\/acusocialehochelaga.ca\/en\/#organization","name":"Acupuncture sociale \u00e0 Hochelaga","url":"https:\/\/acusocialehochelaga.ca\/en\/","logo":{"@type":"ImageObject","inLanguage":"fr-CA","@id":"https:\/\/acusocialehochelaga.ca\/en\/#\/schema\/logo\/image\/","url":"http:\/\/acusocialehochelaga.ca\/wp-content\/uploads\/2024\/09\/cropped-Logo-horizontal_ARDOISE_Clinique-Acupuncture-Sociale.png","contentUrl":"http:\/\/acusocialehochelaga.ca\/wp-content\/uploads\/2024\/09\/cropped-Logo-horizontal_ARDOISE_Clinique-Acupuncture-Sociale.png","width":512,"height":512,"caption":"Acupuncture sociale \u00e0 Hochelaga"},"image":{"@id":"https:\/\/acusocialehochelaga.ca\/en\/#\/schema\/logo\/image\/"},"sameAs":["https:\/\/www.facebook.com\/AcuHochelag","https:\/\/www.instagram.com\/acu.sociale.hochelaga"]}]}},"_links":{"self":[{"href":"https:\/\/acusocialehochelaga.ca\/fr\/wp-json\/wp\/v2\/pages\/597","targetHints":{"allow":["GET"]}}],"collection":[{"href":"https:\/\/acusocialehochelaga.ca\/fr\/wp-json\/wp\/v2\/pages"}],"about":[{"href":"https:\/\/acusocialehochelaga.ca\/fr\/wp-json\/wp\/v2\/types\/page"}],"author":[{"embeddable":true,"href":"https:\/\/acusocialehochelaga.ca\/fr\/wp-json\/wp\/v2\/users\/1"}],"replies":[{"embeddable":true,"href":"https:\/\/acusocialehochelaga.ca\/fr\/wp-json\/wp\/v2\/comments?post=597"}],"version-history":[{"count":4,"href":"https:\/\/acusocialehochelaga.ca\/fr\/wp-json\/wp\/v2\/pages\/597\/revisions"}],"predecessor-version":[{"id":1043,"href":"https:\/\/acusocialehochelaga.ca\/fr\/wp-json\/wp\/v2\/pages\/597\/revisions\/1043"}],"wp:attachment":[{"href":"https:\/\/acusocialehochelaga.ca\/fr\/wp-json\/wp\/v2\/media?parent=597"}],"curies":[{"name":"wp","href":"https:\/\/api.w.org\/{rel}","templated":true}]}}