{"id":512,"date":"2024-09-03T20:26:05","date_gmt":"2024-09-03T20:26:05","guid":{"rendered":"http:\/\/acusocialehochelaga.ca\/?page_id=512"},"modified":"2025-05-11T14:37:46","modified_gmt":"2025-05-11T14:37:46","slug":"benevolat-a-la-clinique","status":"publish","type":"page","link":"https:\/\/acusocialehochelaga.ca\/fr\/benevolat-a-la-clinique\/","title":{"rendered":"B\u00e9n\u00e9volat \u00e0 la clinique"},"content":{"rendered":"<p>[et_pb_section fb_built=\u00a0\u00bb1&Prime; _builder_version=\u00a0\u00bb4.26.0&Prime; _module_preset=\u00a0\u00bbdefault\u00a0\u00bb custom_padding=\u00a0\u00bb20px|||||\u00a0\u00bb global_colors_info=\u00a0\u00bb{}\u00a0\u00bb][et_pb_row _builder_version=\u00a0\u00bb4.26.0&Prime; _module_preset=\u00a0\u00bbdefault\u00a0\u00bb custom_padding=\u00a0\u00bb||0px|||\u00a0\u00bb global_colors_info=\u00a0\u00bb{}\u00a0\u00bb][et_pb_column type=\u00a0\u00bb4_4&Prime; _builder_version=\u00a0\u00bb4.26.0&Prime; _module_preset=\u00a0\u00bbdefault\u00a0\u00bb global_colors_info=\u00a0\u00bb{}\u00a0\u00bb][et_pb_heading title=\u00a0\u00bbB\u00e9n\u00e9volat \u00e0 la clinique\u00a0\u00bb _builder_version=\u00a0\u00bb4.26.0&Prime; _module_preset=\u00a0\u00bbdefault\u00a0\u00bb title_level=\u00a0\u00bbh1&Prime; title_text_align=\u00a0\u00bbcenter\u00a0\u00bb title_text_color=\u00a0\u00bb#1C1D1A\u00a0\u00bb custom_margin=\u00a0\u00bb||30px||false|false\u00a0\u00bb global_colors_info=\u00a0\u00bb{}\u00a0\u00bb][\/et_pb_heading][\/et_pb_column][\/et_pb_row][et_pb_row _builder_version=\u00a0\u00bb4.26.0&Prime; _module_preset=\u00a0\u00bbdefault\u00a0\u00bb custom_margin=\u00a0\u00bb-15px|auto||auto||\u00a0\u00bb global_colors_info=\u00a0\u00bb{}\u00a0\u00bb][et_pb_column type=\u00a0\u00bb4_4&Prime; _builder_version=\u00a0\u00bb4.26.0&Prime; _module_preset=\u00a0\u00bbdefault\u00a0\u00bb global_colors_info=\u00a0\u00bb{}\u00a0\u00bb][et_pb_text _builder_version=\u00a0\u00bb4.26.0&Prime; _module_preset=\u00a0\u00bbdefault\u00a0\u00bb header_text_align=\u00a0\u00bbleft\u00a0\u00bb custom_padding=\u00a0\u00bb||0px|||\u00a0\u00bb hover_enabled=\u00a0\u00bb0&Prime; global_colors_info=\u00a0\u00bb{}\u00a0\u00bb sticky_enabled=\u00a0\u00bb0&Prime;]<\/p>\n<p style=\"text-align: left;\">\u00c0 la Clinique d&rsquo;acupuncture sociale d&rsquo;Hochelaga, nous sommes d\u00e9termin\u00e9s \u00e0 rendre l&rsquo;acupuncture et la m\u00e9decine chinoise accessibles \u00e0 tous. Pour nous aider dans cette mission, nous recherchons activement des b\u00e9n\u00e9voles passionn\u00e9s.<\/p>\n<p style=\"text-align: left;\">En tant que b\u00e9n\u00e9vole, vous recevrez un traitement d\u2019acupuncture pour chaque tranche de trois heures de b\u00e9n\u00e9volat effectu\u00e9es. Nous avons principalement besoin d&rsquo;aide pour les t\u00e2ches de r\u00e9ception et d\u2019accueil des patient\u00b7es.<\/p>\n<p style=\"text-align: left;\">Si vous souhaitez participer et contribuer \u00e0 notre cause, veuillez nous contacter en pr\u00e9cisant vos disponibilit\u00e9s.<\/p>\n<p style=\"text-align: left;\">Merci pour votre soutien et pour nous aider \u00e0 maintenir nos tarifs les plus bas possible !<\/p>\n<p>[\/et_pb_text][\/et_pb_column][\/et_pb_row][et_pb_row _builder_version=\u00a0\u00bb4.26.0&Prime; _module_preset=\u00a0\u00bbdefault\u00a0\u00bb global_colors_info=\u00a0\u00bb{}\u00a0\u00bb][et_pb_column type=\u00a0\u00bb4_4&Prime; _builder_version=\u00a0\u00bb4.26.0&Prime; _module_preset=\u00a0\u00bbdefault\u00a0\u00bb global_colors_info=\u00a0\u00bb{}\u00a0\u00bb][et_pb_contact_form captcha=\u00a0\u00bboff\u00a0\u00bb email=\u00a0\u00bbacu.sociale@gmail.com\u00a0\u00bb title=\u00a0\u00bbRejoinez notre \u00e9quipe!\u00a0\u00bb success_message=\u00a0\u00bbMerci!\u00a0\u00bb title_tablet=\u00a0\u00bbRejoinez notre \u00e9quipe de b\u00e9n\u00e9voles!\u00a0\u00bb title_phone=\u00a0\u00bbRejoinez notre \u00e9quipe de b\u00e9n\u00e9voles!\u00a0\u00bb title_last_edited=\u00a0\u00bbon|desktop\u00a0\u00bb _builder_version=\u00a0\u00bb4.26.0&Prime; _module_preset=\u00a0\u00bbdefault\u00a0\u00bb _unique_id=\u00a0\u00bb38eff935-b0cb-4b8b-9fdd-fae4a02de48b\u00a0\u00bb button_bg_color=\u00a0\u00bb#1C1D1A\u00a0\u00bb text_orientation=\u00a0\u00bbleft\u00a0\u00bb global_colors_info=\u00a0\u00bb{%22gcid-828accbb-1ed2-407d-95be-20ab4e191566%22:%91%22border_color_all%22%93,%22gcid-body-color%22:%91%22form_field_text_color%22%93,%22gcid-heading-color%22:%91%22title_text_color%22%93}\u00a0\u00bb][et_pb_contact_field field_id=\u00a0\u00bbNom_et_pronoms\u00a0\u00bb field_title=\u00a0\u00bbNom et pronoms\u00a0\u00bb min_length=\u00a0\u00bb3&Prime; fullwidth_field=\u00a0\u00bbon\u00a0\u00bb _builder_version=\u00a0\u00bb4.26.0&Prime; global_colors_info=\u00a0\u00bb{}\u00a0\u00bb button_text_size__hover_enabled=\u00a0\u00bboff\u00a0\u00bb button_one_text_size__hover_enabled=\u00a0\u00bboff\u00a0\u00bb button_two_text_size__hover_enabled=\u00a0\u00bboff\u00a0\u00bb button_text_color__hover_enabled=\u00a0\u00bboff\u00a0\u00bb button_one_text_color__hover_enabled=\u00a0\u00bboff\u00a0\u00bb button_two_text_color__hover_enabled=\u00a0\u00bboff\u00a0\u00bb button_border_width__hover_enabled=\u00a0\u00bboff\u00a0\u00bb button_one_border_width__hover_enabled=\u00a0\u00bboff\u00a0\u00bb button_two_border_width__hover_enabled=\u00a0\u00bboff\u00a0\u00bb button_border_color__hover_enabled=\u00a0\u00bboff\u00a0\u00bb button_one_border_color__hover_enabled=\u00a0\u00bboff\u00a0\u00bb button_two_border_color__hover_enabled=\u00a0\u00bboff\u00a0\u00bb button_border_radius__hover_enabled=\u00a0\u00bboff\u00a0\u00bb button_one_border_radius__hover_enabled=\u00a0\u00bboff\u00a0\u00bb button_two_border_radius__hover_enabled=\u00a0\u00bboff\u00a0\u00bb button_letter_spacing__hover_enabled=\u00a0\u00bboff\u00a0\u00bb button_one_letter_spacing__hover_enabled=\u00a0\u00bboff\u00a0\u00bb button_two_letter_spacing__hover_enabled=\u00a0\u00bboff\u00a0\u00bb button_bg_color__hover_enabled=\u00a0\u00bboff\u00a0\u00bb button_one_bg_color__hover_enabled=\u00a0\u00bboff\u00a0\u00bb button_two_bg_color__hover_enabled=\u00a0\u00bboff\u00a0\u00bb][\/et_pb_contact_field][et_pb_contact_field field_id=\u00a0\u00bbEmail\u00a0\u00bb field_title=\u00a0\u00bbEmail\u00a0\u00bb field_type=\u00a0\u00bbemail\u00a0\u00bb required_mark=\u00a0\u00bboff\u00a0\u00bb _builder_version=\u00a0\u00bb4.26.0&Prime; global_colors_info=\u00a0\u00bb{}\u00a0\u00bb button_text_size__hover_enabled=\u00a0\u00bboff\u00a0\u00bb button_one_text_size__hover_enabled=\u00a0\u00bboff\u00a0\u00bb button_two_text_size__hover_enabled=\u00a0\u00bboff\u00a0\u00bb button_text_color__hover_enabled=\u00a0\u00bboff\u00a0\u00bb button_one_text_color__hover_enabled=\u00a0\u00bboff\u00a0\u00bb button_two_text_color__hover_enabled=\u00a0\u00bboff\u00a0\u00bb button_border_width__hover_enabled=\u00a0\u00bboff\u00a0\u00bb button_one_border_width__hover_enabled=\u00a0\u00bboff\u00a0\u00bb button_two_border_width__hover_enabled=\u00a0\u00bboff\u00a0\u00bb button_border_color__hover_enabled=\u00a0\u00bboff\u00a0\u00bb button_one_border_color__hover_enabled=\u00a0\u00bboff\u00a0\u00bb button_two_border_color__hover_enabled=\u00a0\u00bboff\u00a0\u00bb button_border_radius__hover_enabled=\u00a0\u00bboff\u00a0\u00bb button_one_border_radius__hover_enabled=\u00a0\u00bboff\u00a0\u00bb button_two_border_radius__hover_enabled=\u00a0\u00bboff\u00a0\u00bb button_letter_spacing__hover_enabled=\u00a0\u00bboff\u00a0\u00bb button_one_letter_spacing__hover_enabled=\u00a0\u00bboff\u00a0\u00bb button_two_letter_spacing__hover_enabled=\u00a0\u00bboff\u00a0\u00bb button_bg_color__hover_enabled=\u00a0\u00bboff\u00a0\u00bb button_one_bg_color__hover_enabled=\u00a0\u00bboff\u00a0\u00bb button_two_bg_color__hover_enabled=\u00a0\u00bboff\u00a0\u00bb][\/et_pb_contact_field][et_pb_contact_field field_id=\u00a0\u00bbNum\u00e9ro_de_t\u00e9l\u00e9phone\u00a0\u00bb field_title=\u00a0\u00bbNum\u00e9ro de t\u00e9l\u00e9phone\u00a0\u00bb min_length=\u00a0\u00bb3&Prime; allowed_symbols=\u00a0\u00bbnumbers\u00a0\u00bb _builder_version=\u00a0\u00bb4.26.0&Prime; global_colors_info=\u00a0\u00bb{}\u00a0\u00bb button_text_size__hover_enabled=\u00a0\u00bboff\u00a0\u00bb button_one_text_size__hover_enabled=\u00a0\u00bboff\u00a0\u00bb button_two_text_size__hover_enabled=\u00a0\u00bboff\u00a0\u00bb button_text_color__hover_enabled=\u00a0\u00bboff\u00a0\u00bb button_one_text_color__hover_enabled=\u00a0\u00bboff\u00a0\u00bb button_two_text_color__hover_enabled=\u00a0\u00bboff\u00a0\u00bb button_border_width__hover_enabled=\u00a0\u00bboff\u00a0\u00bb button_one_border_width__hover_enabled=\u00a0\u00bboff\u00a0\u00bb button_two_border_width__hover_enabled=\u00a0\u00bboff\u00a0\u00bb button_border_color__hover_enabled=\u00a0\u00bboff\u00a0\u00bb button_one_border_color__hover_enabled=\u00a0\u00bboff\u00a0\u00bb button_two_border_color__hover_enabled=\u00a0\u00bboff\u00a0\u00bb button_border_radius__hover_enabled=\u00a0\u00bboff\u00a0\u00bb button_one_border_radius__hover_enabled=\u00a0\u00bboff\u00a0\u00bb button_two_border_radius__hover_enabled=\u00a0\u00bboff\u00a0\u00bb button_letter_spacing__hover_enabled=\u00a0\u00bboff\u00a0\u00bb button_one_letter_spacing__hover_enabled=\u00a0\u00bboff\u00a0\u00bb button_two_letter_spacing__hover_enabled=\u00a0\u00bboff\u00a0\u00bb button_bg_color__hover_enabled=\u00a0\u00bboff\u00a0\u00bb button_one_bg_color__hover_enabled=\u00a0\u00bboff\u00a0\u00bb button_two_bg_color__hover_enabled=\u00a0\u00bboff\u00a0\u00bb][\/et_pb_contact_field][et_pb_contact_field field_id=\u00a0\u00bbMessage\u00a0\u00bb field_title=\u00a0\u00bbMessage\u00a0\u00bb field_type=\u00a0\u00bbtext\u00a0\u00bb fullwidth_field=\u00a0\u00bbon\u00a0\u00bb _builder_version=\u00a0\u00bb4.16&Prime; global_colors_info=\u00a0\u00bb{}\u00a0\u00bb button_text_size__hover_enabled=\u00a0\u00bboff\u00a0\u00bb button_one_text_size__hover_enabled=\u00a0\u00bboff\u00a0\u00bb button_two_text_size__hover_enabled=\u00a0\u00bboff\u00a0\u00bb button_text_color__hover_enabled=\u00a0\u00bboff\u00a0\u00bb button_one_text_color__hover_enabled=\u00a0\u00bboff\u00a0\u00bb button_two_text_color__hover_enabled=\u00a0\u00bboff\u00a0\u00bb button_border_width__hover_enabled=\u00a0\u00bboff\u00a0\u00bb button_one_border_width__hover_enabled=\u00a0\u00bboff\u00a0\u00bb button_two_border_width__hover_enabled=\u00a0\u00bboff\u00a0\u00bb button_border_color__hover_enabled=\u00a0\u00bboff\u00a0\u00bb button_one_border_color__hover_enabled=\u00a0\u00bboff\u00a0\u00bb button_two_border_color__hover_enabled=\u00a0\u00bboff\u00a0\u00bb button_border_radius__hover_enabled=\u00a0\u00bboff\u00a0\u00bb button_one_border_radius__hover_enabled=\u00a0\u00bboff\u00a0\u00bb button_two_border_radius__hover_enabled=\u00a0\u00bboff\u00a0\u00bb button_letter_spacing__hover_enabled=\u00a0\u00bboff\u00a0\u00bb button_one_letter_spacing__hover_enabled=\u00a0\u00bboff\u00a0\u00bb button_two_letter_spacing__hover_enabled=\u00a0\u00bboff\u00a0\u00bb button_bg_color__hover_enabled=\u00a0\u00bboff\u00a0\u00bb button_one_bg_color__hover_enabled=\u00a0\u00bboff\u00a0\u00bb button_two_bg_color__hover_enabled=\u00a0\u00bboff\u00a0\u00bb][\/et_pb_contact_field][\/et_pb_contact_form][\/et_pb_column][\/et_pb_row][\/et_pb_section]<\/p>\n","protected":false},"excerpt":{"rendered":"<p>\u00c0 la Clinique d&rsquo;acupuncture sociale d&rsquo;Hochelaga, nous sommes d\u00e9termin\u00e9s \u00e0 rendre l&rsquo;acupuncture et la m\u00e9decine chinoise accessibles \u00e0 tous. Pour nous aider dans cette mission, nous recherchons activement des b\u00e9n\u00e9voles passionn\u00e9s. En tant que b\u00e9n\u00e9vole, vous recevrez un traitement d\u2019acupuncture pour chaque tranche de trois heures de b\u00e9n\u00e9volat effectu\u00e9es. Nous avons principalement besoin d&rsquo;aide pour [&hellip;]<\/p>\n","protected":false},"author":1,"featured_media":0,"parent":0,"menu_order":0,"comment_status":"closed","ping_status":"closed","template":"","meta":{"_et_pb_use_builder":"on","_et_pb_old_content":"<!-- wp:divi\/placeholder \/-->","_et_gb_content_width":"","footnotes":""},"class_list":["post-512","page","type-page","status-publish","hentry"],"yoast_head":"<!-- This site is optimized with the Yoast SEO plugin v27.3 - https:\/\/yoast.com\/product\/yoast-seo-wordpress\/ -->\n<title>B\u00e9n\u00e9volat \u00e0 la clinique - Acupuncture sociale \u00e0 Hochelaga<\/title>\n<meta name=\"description\" content=\"Nous sommes d\u00e9termin\u00e9s \u00e0 rendre l\u2019acupuncture accessibles \u00e0 tous. Nous recherchons activement des b\u00e9n\u00e9voles passionn\u00e9s.\" \/>\n<meta name=\"robots\" content=\"index, follow, max-snippet:-1, max-image-preview:large, max-video-preview:-1\" \/>\n<link rel=\"canonical\" href=\"https:\/\/acusocialehochelaga.ca\/fr\/benevolat-a-la-clinique\/\" \/>\n<meta property=\"og:locale\" content=\"fr_CA\" \/>\n<meta property=\"og:type\" content=\"article\" \/>\n<meta property=\"og:title\" content=\"B\u00e9n\u00e9volat \u00e0 la clinique - Acupuncture sociale \u00e0 Hochelaga\" \/>\n<meta property=\"og:description\" content=\"Nous sommes d\u00e9termin\u00e9s \u00e0 rendre l\u2019acupuncture accessibles \u00e0 tous. Nous recherchons activement des b\u00e9n\u00e9voles passionn\u00e9s.\" \/>\n<meta property=\"og:url\" content=\"https:\/\/acusocialehochelaga.ca\/fr\/benevolat-a-la-clinique\/\" \/>\n<meta property=\"og:site_name\" content=\"Acupuncture sociale \u00e0 Hochelaga\" \/>\n<meta property=\"article:publisher\" content=\"https:\/\/www.facebook.com\/AcuHochelag\" \/>\n<meta property=\"article:modified_time\" content=\"2025-05-11T14:37:46+00:00\" \/>\n<meta property=\"og:image\" content=\"https:\/\/acusocialehochelaga.ca\/wp-content\/uploads\/2024\/09\/Logo-horizontal_ARDOISE_Clinique-Acupuncture-Sociale.png\" \/>\n\t<meta property=\"og:image:width\" content=\"5567\" \/>\n\t<meta property=\"og:image:height\" content=\"2271\" \/>\n\t<meta property=\"og:image:type\" content=\"image\/png\" \/>\n<meta name=\"twitter:card\" content=\"summary_large_image\" \/>\n<meta name=\"twitter:label1\" content=\"Estimation du temps de lecture\" \/>\n\t<meta name=\"twitter:data1\" content=\"1 minute\" \/>\n<script type=\"application\/ld+json\" class=\"yoast-schema-graph\">{\"@context\":\"https:\\\/\\\/schema.org\",\"@graph\":[{\"@type\":\"WebPage\",\"@id\":\"https:\\\/\\\/acusocialehochelaga.ca\\\/fr\\\/benevolat-a-la-clinique\\\/\",\"url\":\"https:\\\/\\\/acusocialehochelaga.ca\\\/fr\\\/benevolat-a-la-clinique\\\/\",\"name\":\"B\u00e9n\u00e9volat \u00e0 la clinique - Acupuncture sociale \u00e0 Hochelaga\",\"isPartOf\":{\"@id\":\"https:\\\/\\\/acusocialehochelaga.ca\\\/en\\\/#website\"},\"datePublished\":\"2024-09-03T20:26:05+00:00\",\"dateModified\":\"2025-05-11T14:37:46+00:00\",\"description\":\"Nous sommes d\u00e9termin\u00e9s \u00e0 rendre l\u2019acupuncture accessibles \u00e0 tous. Nous recherchons activement des b\u00e9n\u00e9voles passionn\u00e9s.\",\"breadcrumb\":{\"@id\":\"https:\\\/\\\/acusocialehochelaga.ca\\\/fr\\\/benevolat-a-la-clinique\\\/#breadcrumb\"},\"inLanguage\":\"fr-CA\",\"potentialAction\":[{\"@type\":\"ReadAction\",\"target\":[\"https:\\\/\\\/acusocialehochelaga.ca\\\/fr\\\/benevolat-a-la-clinique\\\/\"]}]},{\"@type\":\"BreadcrumbList\",\"@id\":\"https:\\\/\\\/acusocialehochelaga.ca\\\/fr\\\/benevolat-a-la-clinique\\\/#breadcrumb\",\"itemListElement\":[{\"@type\":\"ListItem\",\"position\":1,\"name\":\"Home\",\"item\":\"https:\\\/\\\/acusocialehochelaga.ca\\\/fr\\\/\"},{\"@type\":\"ListItem\",\"position\":2,\"name\":\"B\u00e9n\u00e9volat \u00e0 la clinique\"}]},{\"@type\":\"WebSite\",\"@id\":\"https:\\\/\\\/acusocialehochelaga.ca\\\/en\\\/#website\",\"url\":\"https:\\\/\\\/acusocialehochelaga.ca\\\/en\\\/\",\"name\":\"Acupuncture sociale \u00e0 Hochelaga\",\"description\":\"La m\u00e9decine chinoise accessible \u00e0 tous et \u00e0 toutes\",\"publisher\":{\"@id\":\"https:\\\/\\\/acusocialehochelaga.ca\\\/en\\\/#organization\"},\"potentialAction\":[{\"@type\":\"SearchAction\",\"target\":{\"@type\":\"EntryPoint\",\"urlTemplate\":\"https:\\\/\\\/acusocialehochelaga.ca\\\/en\\\/?s={search_term_string}\"},\"query-input\":{\"@type\":\"PropertyValueSpecification\",\"valueRequired\":true,\"valueName\":\"search_term_string\"}}],\"inLanguage\":\"fr-CA\"},{\"@type\":\"Organization\",\"@id\":\"https:\\\/\\\/acusocialehochelaga.ca\\\/en\\\/#organization\",\"name\":\"Acupuncture sociale \u00e0 Hochelaga\",\"url\":\"https:\\\/\\\/acusocialehochelaga.ca\\\/en\\\/\",\"logo\":{\"@type\":\"ImageObject\",\"inLanguage\":\"fr-CA\",\"@id\":\"https:\\\/\\\/acusocialehochelaga.ca\\\/en\\\/#\\\/schema\\\/logo\\\/image\\\/\",\"url\":\"http:\\\/\\\/acusocialehochelaga.ca\\\/wp-content\\\/uploads\\\/2024\\\/09\\\/cropped-Logo-horizontal_ARDOISE_Clinique-Acupuncture-Sociale.png\",\"contentUrl\":\"http:\\\/\\\/acusocialehochelaga.ca\\\/wp-content\\\/uploads\\\/2024\\\/09\\\/cropped-Logo-horizontal_ARDOISE_Clinique-Acupuncture-Sociale.png\",\"width\":512,\"height\":512,\"caption\":\"Acupuncture sociale \u00e0 Hochelaga\"},\"image\":{\"@id\":\"https:\\\/\\\/acusocialehochelaga.ca\\\/en\\\/#\\\/schema\\\/logo\\\/image\\\/\"},\"sameAs\":[\"https:\\\/\\\/www.facebook.com\\\/AcuHochelag\",\"https:\\\/\\\/www.instagram.com\\\/acu.sociale.hochelaga\"]}]}<\/script>\n<!-- \/ Yoast SEO plugin. -->","yoast_head_json":{"title":"B\u00e9n\u00e9volat \u00e0 la clinique - Acupuncture sociale \u00e0 Hochelaga","description":"Nous sommes d\u00e9termin\u00e9s \u00e0 rendre l\u2019acupuncture accessibles \u00e0 tous. Nous recherchons activement des b\u00e9n\u00e9voles passionn\u00e9s.","robots":{"index":"index","follow":"follow","max-snippet":"max-snippet:-1","max-image-preview":"max-image-preview:large","max-video-preview":"max-video-preview:-1"},"canonical":"https:\/\/acusocialehochelaga.ca\/fr\/benevolat-a-la-clinique\/","og_locale":"fr_CA","og_type":"article","og_title":"B\u00e9n\u00e9volat \u00e0 la clinique - Acupuncture sociale \u00e0 Hochelaga","og_description":"Nous sommes d\u00e9termin\u00e9s \u00e0 rendre l\u2019acupuncture accessibles \u00e0 tous. Nous recherchons activement des b\u00e9n\u00e9voles passionn\u00e9s.","og_url":"https:\/\/acusocialehochelaga.ca\/fr\/benevolat-a-la-clinique\/","og_site_name":"Acupuncture sociale \u00e0 Hochelaga","article_publisher":"https:\/\/www.facebook.com\/AcuHochelag","article_modified_time":"2025-05-11T14:37:46+00:00","og_image":[{"width":5567,"height":2271,"url":"https:\/\/acusocialehochelaga.ca\/wp-content\/uploads\/2024\/09\/Logo-horizontal_ARDOISE_Clinique-Acupuncture-Sociale.png","type":"image\/png"}],"twitter_card":"summary_large_image","twitter_misc":{"Estimation du temps de lecture":"1 minute"},"schema":{"@context":"https:\/\/schema.org","@graph":[{"@type":"WebPage","@id":"https:\/\/acusocialehochelaga.ca\/fr\/benevolat-a-la-clinique\/","url":"https:\/\/acusocialehochelaga.ca\/fr\/benevolat-a-la-clinique\/","name":"B\u00e9n\u00e9volat \u00e0 la clinique - Acupuncture sociale \u00e0 Hochelaga","isPartOf":{"@id":"https:\/\/acusocialehochelaga.ca\/en\/#website"},"datePublished":"2024-09-03T20:26:05+00:00","dateModified":"2025-05-11T14:37:46+00:00","description":"Nous sommes d\u00e9termin\u00e9s \u00e0 rendre l\u2019acupuncture accessibles \u00e0 tous. Nous recherchons activement des b\u00e9n\u00e9voles passionn\u00e9s.","breadcrumb":{"@id":"https:\/\/acusocialehochelaga.ca\/fr\/benevolat-a-la-clinique\/#breadcrumb"},"inLanguage":"fr-CA","potentialAction":[{"@type":"ReadAction","target":["https:\/\/acusocialehochelaga.ca\/fr\/benevolat-a-la-clinique\/"]}]},{"@type":"BreadcrumbList","@id":"https:\/\/acusocialehochelaga.ca\/fr\/benevolat-a-la-clinique\/#breadcrumb","itemListElement":[{"@type":"ListItem","position":1,"name":"Home","item":"https:\/\/acusocialehochelaga.ca\/fr\/"},{"@type":"ListItem","position":2,"name":"B\u00e9n\u00e9volat \u00e0 la clinique"}]},{"@type":"WebSite","@id":"https:\/\/acusocialehochelaga.ca\/en\/#website","url":"https:\/\/acusocialehochelaga.ca\/en\/","name":"Acupuncture sociale \u00e0 Hochelaga","description":"La m\u00e9decine chinoise accessible \u00e0 tous et \u00e0 toutes","publisher":{"@id":"https:\/\/acusocialehochelaga.ca\/en\/#organization"},"potentialAction":[{"@type":"SearchAction","target":{"@type":"EntryPoint","urlTemplate":"https:\/\/acusocialehochelaga.ca\/en\/?s={search_term_string}"},"query-input":{"@type":"PropertyValueSpecification","valueRequired":true,"valueName":"search_term_string"}}],"inLanguage":"fr-CA"},{"@type":"Organization","@id":"https:\/\/acusocialehochelaga.ca\/en\/#organization","name":"Acupuncture sociale \u00e0 Hochelaga","url":"https:\/\/acusocialehochelaga.ca\/en\/","logo":{"@type":"ImageObject","inLanguage":"fr-CA","@id":"https:\/\/acusocialehochelaga.ca\/en\/#\/schema\/logo\/image\/","url":"http:\/\/acusocialehochelaga.ca\/wp-content\/uploads\/2024\/09\/cropped-Logo-horizontal_ARDOISE_Clinique-Acupuncture-Sociale.png","contentUrl":"http:\/\/acusocialehochelaga.ca\/wp-content\/uploads\/2024\/09\/cropped-Logo-horizontal_ARDOISE_Clinique-Acupuncture-Sociale.png","width":512,"height":512,"caption":"Acupuncture sociale \u00e0 Hochelaga"},"image":{"@id":"https:\/\/acusocialehochelaga.ca\/en\/#\/schema\/logo\/image\/"},"sameAs":["https:\/\/www.facebook.com\/AcuHochelag","https:\/\/www.instagram.com\/acu.sociale.hochelaga"]}]}},"_links":{"self":[{"href":"https:\/\/acusocialehochelaga.ca\/fr\/wp-json\/wp\/v2\/pages\/512","targetHints":{"allow":["GET"]}}],"collection":[{"href":"https:\/\/acusocialehochelaga.ca\/fr\/wp-json\/wp\/v2\/pages"}],"about":[{"href":"https:\/\/acusocialehochelaga.ca\/fr\/wp-json\/wp\/v2\/types\/page"}],"author":[{"embeddable":true,"href":"https:\/\/acusocialehochelaga.ca\/fr\/wp-json\/wp\/v2\/users\/1"}],"replies":[{"embeddable":true,"href":"https:\/\/acusocialehochelaga.ca\/fr\/wp-json\/wp\/v2\/comments?post=512"}],"version-history":[{"count":5,"href":"https:\/\/acusocialehochelaga.ca\/fr\/wp-json\/wp\/v2\/pages\/512\/revisions"}],"predecessor-version":[{"id":1079,"href":"https:\/\/acusocialehochelaga.ca\/fr\/wp-json\/wp\/v2\/pages\/512\/revisions\/1079"}],"wp:attachment":[{"href":"https:\/\/acusocialehochelaga.ca\/fr\/wp-json\/wp\/v2\/media?parent=512"}],"curies":[{"name":"wp","href":"https:\/\/api.w.org\/{rel}","templated":true}]}}