{"id":1154,"date":"2025-12-02T20:32:30","date_gmt":"2025-12-02T20:32:30","guid":{"rendered":"https:\/\/acusocialehochelaga.ca\/?page_id=1154"},"modified":"2025-12-02T20:52:02","modified_gmt":"2025-12-02T20:52:02","slug":"offre-demploi","status":"publish","type":"page","link":"https:\/\/acusocialehochelaga.ca\/fr\/offre-demploi\/","title":{"rendered":"Offre d&#8217;emploi"},"content":{"rendered":"<p>[et_pb_section fb_built=\u00a0\u00bb1&Prime; theme_builder_area=\u00a0\u00bbpost_content\u00a0\u00bb _builder_version=\u00a0\u00bb4.26.0&Prime; _module_preset=\u00a0\u00bbdefault\u00a0\u00bb][et_pb_row _builder_version=\u00a0\u00bb4.26.0&Prime; _module_preset=\u00a0\u00bbdefault\u00a0\u00bb theme_builder_area=\u00a0\u00bbpost_content\u00a0\u00bb][et_pb_column _builder_version=\u00a0\u00bb4.26.0&Prime; _module_preset=\u00a0\u00bbdefault\u00a0\u00bb type=\u00a0\u00bb4_4&Prime; theme_builder_area=\u00a0\u00bbpost_content\u00a0\u00bb][et_pb_heading title=\u00a0\u00bbOffre d&#8217;emploi\u00a0\u00bb _builder_version=\u00a0\u00bb4.26.0&Prime; _module_preset=\u00a0\u00bbdefault\u00a0\u00bb theme_builder_area=\u00a0\u00bbpost_content\u00a0\u00bb background_color=\u00a0\u00bbRGBA(255,255,255,0)\u00a0\u00bb hover_enabled=\u00a0\u00bb0&Prime; sticky_enabled=\u00a0\u00bb0&Prime;][\/et_pb_heading][\/et_pb_column][\/et_pb_row][et_pb_row _builder_version=\u00a0\u00bb4.26.0&Prime; _module_preset=\u00a0\u00bbdefault\u00a0\u00bb theme_builder_area=\u00a0\u00bbpost_content\u00a0\u00bb][et_pb_column _builder_version=\u00a0\u00bb4.26.0&Prime; _module_preset=\u00a0\u00bbdefault\u00a0\u00bb type=\u00a0\u00bb4_4&Prime; theme_builder_area=\u00a0\u00bbpost_content\u00a0\u00bb][et_pb_image src=\u00a0\u00bbhttps:\/\/acusocialehochelaga.ca\/wp-content\/uploads\/2025\/12\/OFFRE_Responsable-des-affaires-administratives.png\u00a0\u00bb _builder_version=\u00a0\u00bb4.26.0&Prime; _module_preset=\u00a0\u00bbdefault\u00a0\u00bb theme_builder_area=\u00a0\u00bbpost_content\u00a0\u00bb title_text=\u00a0\u00bbOFFRE_Responsable des affaires administratives\u00a0\u00bb hover_enabled=\u00a0\u00bb0&Prime; sticky_enabled=\u00a0\u00bb0&Prime; align=\u00a0\u00bbcenter\u00a0\u00bb][\/et_pb_image][\/et_pb_column][\/et_pb_row][\/et_pb_section]<\/p>\n","protected":false},"excerpt":{"rendered":"","protected":false},"author":1,"featured_media":0,"parent":0,"menu_order":0,"comment_status":"closed","ping_status":"closed","template":"","meta":{"_et_pb_use_builder":"on","_et_pb_old_content":"","_et_gb_content_width":"","footnotes":""},"class_list":["post-1154","page","type-page","status-publish","hentry"],"yoast_head":"<!-- This site is optimized with the Yoast SEO plugin v27.4 - https:\/\/yoast.com\/product\/yoast-seo-wordpress\/ -->\n<title>Offre d&#039;emploi - Acupuncture sociale \u00e0 Hochelaga<\/title>\n<meta name=\"robots\" content=\"index, follow, max-snippet:-1, max-image-preview:large, max-video-preview:-1\" \/>\n<link rel=\"canonical\" href=\"https:\/\/acusocialehochelaga.ca\/fr\/offre-demploi\/\" \/>\n<meta property=\"og:locale\" content=\"fr_CA\" \/>\n<meta property=\"og:type\" content=\"article\" \/>\n<meta property=\"og:title\" content=\"Offre d&#039;emploi - Acupuncture sociale \u00e0 Hochelaga\" \/>\n<meta property=\"og:url\" content=\"https:\/\/acusocialehochelaga.ca\/fr\/offre-demploi\/\" \/>\n<meta property=\"og:site_name\" content=\"Acupuncture sociale \u00e0 Hochelaga\" \/>\n<meta property=\"article:publisher\" content=\"https:\/\/www.facebook.com\/AcuHochelag\" \/>\n<meta property=\"article:modified_time\" content=\"2025-12-02T20:52:02+00:00\" \/>\n<meta property=\"og:image\" content=\"https:\/\/acusocialehochelaga.ca\/wp-content\/uploads\/2024\/09\/Logo-horizontal_ARDOISE_Clinique-Acupuncture-Sociale.png\" \/>\n\t<meta property=\"og:image:width\" content=\"5567\" \/>\n\t<meta property=\"og:image:height\" content=\"2271\" \/>\n\t<meta property=\"og:image:type\" content=\"image\/png\" \/>\n<meta name=\"twitter:card\" content=\"summary_large_image\" \/>\n<meta name=\"twitter:label1\" content=\"Estimation du temps de lecture\" \/>\n\t<meta name=\"twitter:data1\" content=\"1 minute\" \/>\n<script type=\"application\/ld+json\" class=\"yoast-schema-graph\">{\"@context\":\"https:\\\/\\\/schema.org\",\"@graph\":[{\"@type\":\"WebPage\",\"@id\":\"https:\\\/\\\/acusocialehochelaga.ca\\\/fr\\\/offre-demploi\\\/\",\"url\":\"https:\\\/\\\/acusocialehochelaga.ca\\\/fr\\\/offre-demploi\\\/\",\"name\":\"Offre d'emploi - Acupuncture sociale \u00e0 Hochelaga\",\"isPartOf\":{\"@id\":\"https:\\\/\\\/acusocialehochelaga.ca\\\/en\\\/#website\"},\"datePublished\":\"2025-12-02T20:32:30+00:00\",\"dateModified\":\"2025-12-02T20:52:02+00:00\",\"breadcrumb\":{\"@id\":\"https:\\\/\\\/acusocialehochelaga.ca\\\/fr\\\/offre-demploi\\\/#breadcrumb\"},\"inLanguage\":\"fr-CA\",\"potentialAction\":[{\"@type\":\"ReadAction\",\"target\":[\"https:\\\/\\\/acusocialehochelaga.ca\\\/fr\\\/offre-demploi\\\/\"]}]},{\"@type\":\"BreadcrumbList\",\"@id\":\"https:\\\/\\\/acusocialehochelaga.ca\\\/fr\\\/offre-demploi\\\/#breadcrumb\",\"itemListElement\":[{\"@type\":\"ListItem\",\"position\":1,\"name\":\"Home\",\"item\":\"https:\\\/\\\/acusocialehochelaga.ca\\\/fr\\\/\"},{\"@type\":\"ListItem\",\"position\":2,\"name\":\"Offre d&#8217;emploi\"}]},{\"@type\":\"WebSite\",\"@id\":\"https:\\\/\\\/acusocialehochelaga.ca\\\/en\\\/#website\",\"url\":\"https:\\\/\\\/acusocialehochelaga.ca\\\/en\\\/\",\"name\":\"Acupuncture sociale \u00e0 Hochelaga\",\"description\":\"La m\u00e9decine chinoise accessible \u00e0 tous et \u00e0 toutes\",\"publisher\":{\"@id\":\"https:\\\/\\\/acusocialehochelaga.ca\\\/en\\\/#organization\"},\"potentialAction\":[{\"@type\":\"SearchAction\",\"target\":{\"@type\":\"EntryPoint\",\"urlTemplate\":\"https:\\\/\\\/acusocialehochelaga.ca\\\/en\\\/?s={search_term_string}\"},\"query-input\":{\"@type\":\"PropertyValueSpecification\",\"valueRequired\":true,\"valueName\":\"search_term_string\"}}],\"inLanguage\":\"fr-CA\"},{\"@type\":\"Organization\",\"@id\":\"https:\\\/\\\/acusocialehochelaga.ca\\\/en\\\/#organization\",\"name\":\"Acupuncture sociale \u00e0 Hochelaga\",\"url\":\"https:\\\/\\\/acusocialehochelaga.ca\\\/en\\\/\",\"logo\":{\"@type\":\"ImageObject\",\"inLanguage\":\"fr-CA\",\"@id\":\"https:\\\/\\\/acusocialehochelaga.ca\\\/en\\\/#\\\/schema\\\/logo\\\/image\\\/\",\"url\":\"http:\\\/\\\/acusocialehochelaga.ca\\\/wp-content\\\/uploads\\\/2024\\\/09\\\/cropped-Logo-horizontal_ARDOISE_Clinique-Acupuncture-Sociale.png\",\"contentUrl\":\"http:\\\/\\\/acusocialehochelaga.ca\\\/wp-content\\\/uploads\\\/2024\\\/09\\\/cropped-Logo-horizontal_ARDOISE_Clinique-Acupuncture-Sociale.png\",\"width\":512,\"height\":512,\"caption\":\"Acupuncture sociale \u00e0 Hochelaga\"},\"image\":{\"@id\":\"https:\\\/\\\/acusocialehochelaga.ca\\\/en\\\/#\\\/schema\\\/logo\\\/image\\\/\"},\"sameAs\":[\"https:\\\/\\\/www.facebook.com\\\/AcuHochelag\",\"https:\\\/\\\/www.instagram.com\\\/acu.sociale.hochelaga\"]}]}<\/script>\n<!-- \/ Yoast SEO plugin. -->","yoast_head_json":{"title":"Offre d'emploi - Acupuncture sociale \u00e0 Hochelaga","robots":{"index":"index","follow":"follow","max-snippet":"max-snippet:-1","max-image-preview":"max-image-preview:large","max-video-preview":"max-video-preview:-1"},"canonical":"https:\/\/acusocialehochelaga.ca\/fr\/offre-demploi\/","og_locale":"fr_CA","og_type":"article","og_title":"Offre d'emploi - Acupuncture sociale \u00e0 Hochelaga","og_url":"https:\/\/acusocialehochelaga.ca\/fr\/offre-demploi\/","og_site_name":"Acupuncture sociale \u00e0 Hochelaga","article_publisher":"https:\/\/www.facebook.com\/AcuHochelag","article_modified_time":"2025-12-02T20:52:02+00:00","og_image":[{"width":5567,"height":2271,"url":"https:\/\/acusocialehochelaga.ca\/wp-content\/uploads\/2024\/09\/Logo-horizontal_ARDOISE_Clinique-Acupuncture-Sociale.png","type":"image\/png"}],"twitter_card":"summary_large_image","twitter_misc":{"Estimation du temps de lecture":"1 minute"},"schema":{"@context":"https:\/\/schema.org","@graph":[{"@type":"WebPage","@id":"https:\/\/acusocialehochelaga.ca\/fr\/offre-demploi\/","url":"https:\/\/acusocialehochelaga.ca\/fr\/offre-demploi\/","name":"Offre d'emploi - Acupuncture sociale \u00e0 Hochelaga","isPartOf":{"@id":"https:\/\/acusocialehochelaga.ca\/en\/#website"},"datePublished":"2025-12-02T20:32:30+00:00","dateModified":"2025-12-02T20:52:02+00:00","breadcrumb":{"@id":"https:\/\/acusocialehochelaga.ca\/fr\/offre-demploi\/#breadcrumb"},"inLanguage":"fr-CA","potentialAction":[{"@type":"ReadAction","target":["https:\/\/acusocialehochelaga.ca\/fr\/offre-demploi\/"]}]},{"@type":"BreadcrumbList","@id":"https:\/\/acusocialehochelaga.ca\/fr\/offre-demploi\/#breadcrumb","itemListElement":[{"@type":"ListItem","position":1,"name":"Home","item":"https:\/\/acusocialehochelaga.ca\/fr\/"},{"@type":"ListItem","position":2,"name":"Offre d&#8217;emploi"}]},{"@type":"WebSite","@id":"https:\/\/acusocialehochelaga.ca\/en\/#website","url":"https:\/\/acusocialehochelaga.ca\/en\/","name":"Acupuncture sociale \u00e0 Hochelaga","description":"La m\u00e9decine chinoise accessible \u00e0 tous et \u00e0 toutes","publisher":{"@id":"https:\/\/acusocialehochelaga.ca\/en\/#organization"},"potentialAction":[{"@type":"SearchAction","target":{"@type":"EntryPoint","urlTemplate":"https:\/\/acusocialehochelaga.ca\/en\/?s={search_term_string}"},"query-input":{"@type":"PropertyValueSpecification","valueRequired":true,"valueName":"search_term_string"}}],"inLanguage":"fr-CA"},{"@type":"Organization","@id":"https:\/\/acusocialehochelaga.ca\/en\/#organization","name":"Acupuncture sociale \u00e0 Hochelaga","url":"https:\/\/acusocialehochelaga.ca\/en\/","logo":{"@type":"ImageObject","inLanguage":"fr-CA","@id":"https:\/\/acusocialehochelaga.ca\/en\/#\/schema\/logo\/image\/","url":"http:\/\/acusocialehochelaga.ca\/wp-content\/uploads\/2024\/09\/cropped-Logo-horizontal_ARDOISE_Clinique-Acupuncture-Sociale.png","contentUrl":"http:\/\/acusocialehochelaga.ca\/wp-content\/uploads\/2024\/09\/cropped-Logo-horizontal_ARDOISE_Clinique-Acupuncture-Sociale.png","width":512,"height":512,"caption":"Acupuncture sociale \u00e0 Hochelaga"},"image":{"@id":"https:\/\/acusocialehochelaga.ca\/en\/#\/schema\/logo\/image\/"},"sameAs":["https:\/\/www.facebook.com\/AcuHochelag","https:\/\/www.instagram.com\/acu.sociale.hochelaga"]}]}},"_links":{"self":[{"href":"https:\/\/acusocialehochelaga.ca\/fr\/wp-json\/wp\/v2\/pages\/1154","targetHints":{"allow":["GET"]}}],"collection":[{"href":"https:\/\/acusocialehochelaga.ca\/fr\/wp-json\/wp\/v2\/pages"}],"about":[{"href":"https:\/\/acusocialehochelaga.ca\/fr\/wp-json\/wp\/v2\/types\/page"}],"author":[{"embeddable":true,"href":"https:\/\/acusocialehochelaga.ca\/fr\/wp-json\/wp\/v2\/users\/1"}],"replies":[{"embeddable":true,"href":"https:\/\/acusocialehochelaga.ca\/fr\/wp-json\/wp\/v2\/comments?post=1154"}],"version-history":[{"count":4,"href":"https:\/\/acusocialehochelaga.ca\/fr\/wp-json\/wp\/v2\/pages\/1154\/revisions"}],"predecessor-version":[{"id":1160,"href":"https:\/\/acusocialehochelaga.ca\/fr\/wp-json\/wp\/v2\/pages\/1154\/revisions\/1160"}],"wp:attachment":[{"href":"https:\/\/acusocialehochelaga.ca\/fr\/wp-json\/wp\/v2\/media?parent=1154"}],"curies":[{"name":"wp","href":"https:\/\/api.w.org\/{rel}","templated":true}]}}